{"id":357,"date":"2025-03-04T15:31:40","date_gmt":"2025-03-04T14:31:40","guid":{"rendered":"https:\/\/189.proweb-presentation.com\/?page_id=357"},"modified":"2025-08-27T11:37:32","modified_gmt":"2025-08-27T10:37:32","slug":"barrierefreiheitserklarung","status":"publish","type":"page","link":"https:\/\/kooperation.fourtec.at\/de\/barrierefreiheitserklarung\/","title":{"rendered":"Barrierefreiheitserkl\u00e4rung"},"content":{"rendered":"<p><div class=\"fusion-fullwidth fullwidth-box fusion-builder-row-1 fusion-flex-container has-pattern-background has-mask-background nonhundred-percent-fullwidth non-hundred-percent-height-scrolling\" style=\"--awb-border-radius-top-left:0px;--awb-border-radius-top-right:0px;--awb-border-radius-bottom-right:0px;--awb-border-radius-bottom-left:0px;--awb-padding-top:3rem;--awb-padding-bottom:2rem;--awb-margin-top:0px;--awb-margin-bottom:0px;--awb-background-color:var(--awb-color2);--awb-flex-wrap:wrap;\" ><div class=\"fusion-builder-row fusion-row fusion-flex-align-items-flex-start fusion-flex-content-wrap\" style=\"max-width:calc( 1350px + 4rem );margin-left: calc(-4rem \/ 2 );margin-right: calc(-4rem \/ 2 );\"><div class=\"fusion-layout-column fusion_builder_column fusion-builder-column-0 fusion_builder_column_1_1 1_1 fusion-flex-column\" style=\"--awb-bg-size:cover;--awb-width-large:100%;--awb-spacing-right-large:2rem;--awb-spacing-left-large:2rem;--awb-width-medium:100%;--awb-order-medium:0;--awb-spacing-right-medium:2rem;--awb-spacing-left-medium:2rem;--awb-width-small:100%;--awb-order-small:0;--awb-spacing-right-small:2rem;--awb-spacing-left-small:2rem;\"><div class=\"fusion-column-wrapper fusion-column-has-shadow fusion-flex-justify-content-flex-start fusion-content-layout-column\"><div class=\"fusion-title title fusion-title-1 fusion-sep-none fusion-title-text fusion-title-size-one\" style=\"--awb-margin-top:0px;--awb-margin-bottom:0px;--awb-font-size:var(--awb-typography1-font-size);\"><h1 class=\"fusion-title-heading title-heading-left fusion-responsive-typography-calculated\" style=\"font-family:var(--awb-typography1-font-family);font-weight:var(--awb-typography1-font-weight);font-style:var(--awb-typography1-font-style);margin:0;font-size:1em;letter-spacing:var(--awb-typography1-letter-spacing);text-transform:var(--awb-typography1-text-transform);--fontSize:33.75;line-height:var(--awb-typography1-line-height);\">Barrierefreiheitserkl\u00e4rung<\/h1><\/div><\/div><\/div><\/div><\/div><div class=\"fusion-fullwidth fullwidth-box fusion-builder-row-2 fusion-flex-container has-pattern-background has-mask-background nonhundred-percent-fullwidth non-hundred-percent-height-scrolling\" style=\"--awb-border-radius-top-left:0px;--awb-border-radius-top-right:0px;--awb-border-radius-bottom-right:0px;--awb-border-radius-bottom-left:0px;--awb-padding-top:4rem;--awb-padding-bottom:4rem;--awb-background-color:var(--awb-color1);--awb-flex-wrap:wrap;\" ><div class=\"fusion-builder-row fusion-row fusion-flex-align-items-flex-start fusion-flex-content-wrap\" style=\"max-width:calc( 1350px + 4rem );margin-left: calc(-4rem \/ 2 );margin-right: calc(-4rem \/ 2 );\"><div class=\"fusion-layout-column fusion_builder_column fusion-builder-column-1 fusion_builder_column_1_1 1_1 fusion-flex-column\" style=\"--awb-padding-bottom:2rem;--awb-bg-size:cover;--awb-border-color:var(--awb-color6);--awb-border-top:0px;--awb-border-right:0px;--awb-border-bottom:1px;--awb-border-left:0px;--awb-border-style:solid;--awb-width-large:100%;--awb-spacing-right-large:2rem;--awb-margin-bottom-large:2rem;--awb-spacing-left-large:2rem;--awb-width-medium:100%;--awb-order-medium:0;--awb-spacing-right-medium:2rem;--awb-spacing-left-medium:2rem;--awb-width-small:100%;--awb-order-small:0;--awb-spacing-right-small:2rem;--awb-spacing-left-small:2rem;\"><div class=\"fusion-column-wrapper fusion-column-has-shadow fusion-flex-justify-content-flex-start fusion-content-layout-column\"><div class=\"fusion-title title fusion-title-2 fusion-sep-none fusion-title-text fusion-title-size-two\" style=\"--awb-font-size:var(--awb-typography2-font-size);\"><h2 class=\"fusion-title-heading title-heading-left fusion-responsive-typography-calculated\" style=\"font-family:var(--awb-typography1-font-family);font-weight:var(--awb-typography1-font-weight);font-style:var(--awb-typography1-font-style);font-size:1em;letter-spacing:var(--awb-typography1-letter-spacing);text-transform:var(--awb-typography1-text-transform);--fontSize:20.25;--minFontSize:20.25;line-height:var(--awb-typography1-line-height);\">Barrierefreiheitserkl\u00e4rung f\u00fcr Fourtec F\u00f6rdertechnik GmbH<\/h2><\/div><div class=\"fusion-text fusion-text-1 fusion-text-no-margin\" style=\"--awb-font-size:var(--awb-typography4-font-size);--awb-line-height:var(--awb-typography4-line-height);--awb-letter-spacing:var(--awb-typography4-letter-spacing);--awb-text-transform:var(--awb-typography4-text-transform);--awb-text-font-family:var(--awb-typography4-font-family);--awb-text-font-weight:var(--awb-typography4-font-weight);--awb-text-font-style:var(--awb-typography4-font-style);\"><p>Dies ist eine Barrierefreiheitserkl\u00e4rung. Wir arbeiten kontinuierlich daran, die Barrierefreiheit unserer Seite zu verbessern, sodass sie allen Nutzern zur Verf\u00fcgung steht.<\/p>\n<\/div><\/div><\/div><div class=\"fusion-layout-column fusion_builder_column fusion-builder-column-2 fusion_builder_column_1_1 1_1 fusion-flex-column\" style=\"--awb-padding-bottom:2rem;--awb-bg-size:cover;--awb-border-color:var(--awb-color6);--awb-border-top:0px;--awb-border-right:0px;--awb-border-bottom:1px;--awb-border-left:0px;--awb-border-style:solid;--awb-width-large:100%;--awb-spacing-right-large:2rem;--awb-margin-bottom-large:2rem;--awb-spacing-left-large:2rem;--awb-width-medium:100%;--awb-order-medium:0;--awb-spacing-right-medium:2rem;--awb-spacing-left-medium:2rem;--awb-width-small:100%;--awb-order-small:0;--awb-spacing-right-small:2rem;--awb-spacing-left-small:2rem;\"><div class=\"fusion-column-wrapper fusion-column-has-shadow fusion-flex-justify-content-flex-start fusion-content-layout-column\"><div class=\"fusion-title title fusion-title-3 fusion-sep-none fusion-title-text fusion-title-size-two\" style=\"--awb-font-size:var(--awb-typography2-font-size);\"><h2 class=\"fusion-title-heading title-heading-left fusion-responsive-typography-calculated\" style=\"font-family:var(--awb-typography1-font-family);font-weight:var(--awb-typography1-font-weight);font-style:var(--awb-typography1-font-style);font-size:1em;letter-spacing:var(--awb-typography1-letter-spacing);text-transform:var(--awb-typography1-text-transform);--fontSize:20.25;--minFontSize:20.25;line-height:var(--awb-typography1-line-height);\">Barrierefreiheitsfunktionen<\/h2><\/div><div class=\"fusion-text fusion-text-2 fusion-text-no-margin\" style=\"--awb-font-size:var(--awb-typography4-font-size);--awb-line-height:var(--awb-typography4-line-height);--awb-letter-spacing:var(--awb-typography4-letter-spacing);--awb-text-transform:var(--awb-typography4-text-transform);--awb-text-font-family:var(--awb-typography4-font-family);--awb-text-font-weight:var(--awb-typography4-font-weight);--awb-text-font-style:var(--awb-typography4-font-style);\"><p>Diese Website ist:<\/p>\n<ul>\n<li>Mit der Tastatur sowohl auf Desktop- als auch Mobilger\u00e4ten zug\u00e4nglich<\/li>\n<li><span style=\"color: var(--awb-text-color); font-family: var(--awb-text-font-family); font-size: var(--awb-font-size); font-style: var(--awb-text-font-style); font-weight: var(--awb-text-font-weight); letter-spacing: var(--awb-letter-spacing); text-align: var(--awb-content-alignment); text-transform: var(--awb-text-transform); background-color: var(--awb-bg-color-hover);\">Responsiv und erlaubt das Zoomen und die Anpassung der Textgr\u00f6\u00dfe sowie anderer Objekte<\/span><\/li>\n<li>Auf einer Vielzahl von Browsern getestet<\/li>\n<\/ul>\n<\/div><\/div><\/div><div class=\"fusion-layout-column fusion_builder_column fusion-builder-column-3 fusion_builder_column_1_1 1_1 fusion-flex-column\" style=\"--awb-padding-bottom:2rem;--awb-bg-size:cover;--awb-border-color:var(--awb-color6);--awb-border-top:0px;--awb-border-right:0px;--awb-border-bottom:1px;--awb-border-left:0px;--awb-border-style:solid;--awb-width-large:100%;--awb-spacing-right-large:2rem;--awb-margin-bottom-large:2rem;--awb-spacing-left-large:2rem;--awb-width-medium:100%;--awb-order-medium:0;--awb-spacing-right-medium:2rem;--awb-spacing-left-medium:2rem;--awb-width-small:100%;--awb-order-small:0;--awb-spacing-right-small:2rem;--awb-spacing-left-small:2rem;\"><div class=\"fusion-column-wrapper fusion-column-has-shadow fusion-flex-justify-content-flex-start fusion-content-layout-column\"><div class=\"fusion-title title fusion-title-4 fusion-sep-none fusion-title-text fusion-title-size-two\" style=\"--awb-font-size:var(--awb-typography2-font-size);\"><h2 class=\"fusion-title-heading title-heading-left fusion-responsive-typography-calculated\" style=\"font-family:var(--awb-typography1-font-family);font-weight:var(--awb-typography1-font-weight);font-style:var(--awb-typography1-font-style);font-size:1em;letter-spacing:var(--awb-typography1-letter-spacing);text-transform:var(--awb-typography1-text-transform);--fontSize:20.25;--minFontSize:20.25;line-height:var(--awb-typography1-line-height);\">Tastaturnavigation<\/h2><\/div><div class=\"fusion-text fusion-text-3 fusion-text-no-margin\" style=\"--awb-font-size:var(--awb-typography4-font-size);--awb-line-height:var(--awb-typography4-line-height);--awb-letter-spacing:var(--awb-typography4-letter-spacing);--awb-text-transform:var(--awb-typography4-text-transform);--awb-text-font-family:var(--awb-typography4-font-family);--awb-text-font-weight:var(--awb-typography4-font-weight);--awb-text-font-style:var(--awb-typography4-font-style);\"><p>Unsere Website kann ausschlie\u00dflich mit der Tastatur bedient werden:<\/p>\n<\/p>\n<ul>\n<li>Aktivieren und deaktivieren Sie ein Kontrollk\u00e4stchen mit der Leertaste<\/li>\n<li>W\u00e4hlen Sie Dropdown-Men\u00fcs mit den Pfeiltasten nach oben und unten aus<\/li>\n<li>Navigieren Sie mit der Tabulatortaste vorw\u00e4rts zwischen Links<\/li>\n<li>Navigieren Sie r\u00fcckw\u00e4rts zwischen Links mit Umschalttaste + Tabulatortaste<\/li>\n<\/ul>\n<\/div><\/div><\/div><div class=\"fusion-layout-column fusion_builder_column fusion-builder-column-4 fusion_builder_column_1_1 1_1 fusion-flex-column\" style=\"--awb-padding-bottom:2rem;--awb-bg-size:cover;--awb-border-color:var(--awb-color6);--awb-border-top:0px;--awb-border-right:0px;--awb-border-bottom:1px;--awb-border-left:0px;--awb-border-style:solid;--awb-width-large:100%;--awb-spacing-right-large:2rem;--awb-margin-bottom-large:2rem;--awb-spacing-left-large:2rem;--awb-width-medium:100%;--awb-order-medium:0;--awb-spacing-right-medium:2rem;--awb-spacing-left-medium:2rem;--awb-width-small:100%;--awb-order-small:0;--awb-spacing-right-small:2rem;--awb-spacing-left-small:2rem;\"><div class=\"fusion-column-wrapper fusion-column-has-shadow fusion-flex-justify-content-flex-start fusion-content-layout-column\"><div class=\"fusion-title title fusion-title-5 fusion-sep-none fusion-title-text fusion-title-size-two\" style=\"--awb-font-size:var(--awb-typography2-font-size);\"><h2 class=\"fusion-title-heading title-heading-left fusion-responsive-typography-calculated\" style=\"font-family:var(--awb-typography1-font-family);font-weight:var(--awb-typography1-font-weight);font-style:var(--awb-typography1-font-style);font-size:1em;letter-spacing:var(--awb-typography1-letter-spacing);text-transform:var(--awb-typography1-text-transform);--fontSize:20.25;--minFontSize:20.25;line-height:var(--awb-typography1-line-height);\">\u00c4nderung der Schriftgr\u00f6\u00dfe<\/h2><\/div><div class=\"fusion-text fusion-text-4 fusion-text-no-margin\" style=\"--awb-font-size:var(--awb-typography4-font-size);--awb-line-height:var(--awb-typography4-line-height);--awb-letter-spacing:var(--awb-typography4-letter-spacing);--awb-text-transform:var(--awb-typography4-text-transform);--awb-text-font-family:var(--awb-typography4-font-family);--awb-text-font-weight:var(--awb-typography4-font-weight);--awb-text-font-style:var(--awb-typography4-font-style);\"><p>Die auf unserer Website verwendeten Stylesheets erm\u00f6glichen es Ihnen, die Schriftgr\u00f6\u00dfe zu \u00e4ndern. Folgen Sie dazu den Anweisungen Ihres Browsers, um die Schriftgr\u00f6\u00dfe anzupassen.<\/p>\n<\/div><\/div><\/div><div class=\"fusion-layout-column fusion_builder_column fusion-builder-column-5 fusion_builder_column_1_1 1_1 fusion-flex-column\" style=\"--awb-padding-bottom:2rem;--awb-bg-size:cover;--awb-border-color:var(--awb-color6);--awb-border-top:0px;--awb-border-right:0px;--awb-border-bottom:1px;--awb-border-left:0px;--awb-border-style:solid;--awb-width-large:100%;--awb-spacing-right-large:2rem;--awb-margin-bottom-large:2rem;--awb-spacing-left-large:2rem;--awb-width-medium:100%;--awb-order-medium:0;--awb-spacing-right-medium:2rem;--awb-spacing-left-medium:2rem;--awb-width-small:100%;--awb-order-small:0;--awb-spacing-right-small:2rem;--awb-spacing-left-small:2rem;\"><div class=\"fusion-column-wrapper fusion-column-has-shadow fusion-flex-justify-content-flex-start fusion-content-layout-column\"><div class=\"fusion-title title fusion-title-6 fusion-sep-none fusion-title-text fusion-title-size-two\" style=\"--awb-font-size:var(--awb-typography2-font-size);\"><h2 class=\"fusion-title-heading title-heading-left fusion-responsive-typography-calculated\" style=\"font-family:var(--awb-typography1-font-family);font-weight:var(--awb-typography1-font-weight);font-style:var(--awb-typography1-font-style);font-size:1em;letter-spacing:var(--awb-typography1-letter-spacing);text-transform:var(--awb-typography1-text-transform);--fontSize:20.25;--minFontSize:20.25;line-height:var(--awb-typography1-line-height);\">Konformit\u00e4tsstatus<\/h2><\/div><div class=\"fusion-text fusion-text-5 fusion-text-no-margin\" style=\"--awb-font-size:var(--awb-typography4-font-size);--awb-line-height:var(--awb-typography4-line-height);--awb-letter-spacing:var(--awb-typography4-letter-spacing);--awb-text-transform:var(--awb-typography4-text-transform);--awb-text-font-family:var(--awb-typography4-font-family);--awb-text-font-weight:var(--awb-typography4-font-weight);--awb-text-font-style:var(--awb-typography4-font-style);\"><p>Die Web Content Accessibility Guidelines (WCAG) definieren Anforderungen f\u00fcr Designer und Entwickler, um die Barrierefreiheit f\u00fcr Menschen mit Behinderungen zu verbessern. Die Richtlinien definieren drei Konformit\u00e4tsstufen: Stufe A, Stufe AA und Stufe AAA.<\/p>\n<p>[site_title] ist teilweise konform mit WCAG 2.1 Stufe AA. Teilweise konform bedeutet, dass einige Teile der Inhalte nicht vollst\u00e4ndig den Barrierefreiheitsstandards entsprechen.<\/p>\n<\/div><\/div><\/div><div class=\"fusion-layout-column fusion_builder_column fusion-builder-column-6 fusion_builder_column_1_1 1_1 fusion-flex-column\" style=\"--awb-padding-bottom:2rem;--awb-bg-size:cover;--awb-border-color:var(--awb-color6);--awb-border-top:0px;--awb-border-right:0px;--awb-border-bottom:1px;--awb-border-left:0px;--awb-border-style:solid;--awb-width-large:100%;--awb-spacing-right-large:2rem;--awb-margin-bottom-large:2rem;--awb-spacing-left-large:2rem;--awb-width-medium:100%;--awb-order-medium:0;--awb-spacing-right-medium:2rem;--awb-spacing-left-medium:2rem;--awb-width-small:100%;--awb-order-small:0;--awb-spacing-right-small:2rem;--awb-spacing-left-small:2rem;\"><div class=\"fusion-column-wrapper fusion-column-has-shadow fusion-flex-justify-content-flex-start fusion-content-layout-column\"><div class=\"fusion-title title fusion-title-7 fusion-sep-none fusion-title-text fusion-title-size-two\" style=\"--awb-font-size:var(--awb-typography2-font-size);\"><h2 class=\"fusion-title-heading title-heading-left fusion-responsive-typography-calculated\" style=\"font-family:var(--awb-typography1-font-family);font-weight:var(--awb-typography1-font-weight);font-style:var(--awb-typography1-font-style);font-size:1em;letter-spacing:var(--awb-typography1-letter-spacing);text-transform:var(--awb-typography1-text-transform);--fontSize:20.25;--minFontSize:20.25;line-height:var(--awb-typography1-line-height);\">Inhalte, die noch nicht barrierefrei sind<\/h2><\/div><div class=\"fusion-text fusion-text-6 fusion-text-no-margin\" style=\"--awb-font-size:var(--awb-typography4-font-size);--awb-line-height:var(--awb-typography4-line-height);--awb-letter-spacing:var(--awb-typography4-letter-spacing);--awb-text-transform:var(--awb-typography4-text-transform);--awb-text-font-family:var(--awb-typography4-font-family);--awb-text-font-weight:var(--awb-typography4-font-weight);--awb-text-font-style:var(--awb-typography4-font-style);\"><p>Die identifizierten Defizite und M\u00e4ngel befinden sich derzeit in einem kontinuierlichen Verbesserungsprozess, der schrittweise bearbeitet wird. Zum Zeitpunkt dieser Erkl\u00e4rung sind die folgenden Inhalte auf der Website noch nicht barrierefrei, da sie nicht mit der zugrunde liegenden harmonisierten Norm EN 301 549 kompatibel sind:<\/p>\n<\/p>\n<ul>\n<li>Auf einzelnen Seiten gibt es Listenelemente, die nicht Teil einer Liste sind. | WCAG: 1.3.1<\/li>\n<li>Auf einigen Seiten ist der Kontrast zwischen Text und Hintergrund zu gering. | WCAG: 1.4.3<\/li>\n<li>Es gibt ein &#8218;iframe&#8216;-Element ohne Beschriftung. Die Navigation zu diesem iframe mit Screenreadern ist schwierig. | WCAG: 4.1.2<\/li>\n<li>Einige Elemente werden beim Fokus nicht hervorgehoben. | WCAG: 2.4.7<\/li>\n<li>PDF-Dokumente sind nicht immer barrierefrei. Dies kann dazu f\u00fchren, dass einige Nutzer, insbesondere diejenigen, die Screenreader oder andere Hilfstechnologien verwenden, Schwierigkeiten haben, auf die Inhalte zuzugreifen.<\/li>\n<\/ul>\n<\/div><\/div><\/div><div class=\"fusion-layout-column fusion_builder_column fusion-builder-column-7 fusion_builder_column_1_1 1_1 fusion-flex-column\" style=\"--awb-padding-bottom:2rem;--awb-bg-size:cover;--awb-border-color:var(--awb-color6);--awb-border-top:0px;--awb-border-right:0px;--awb-border-bottom:1px;--awb-border-left:0px;--awb-border-style:solid;--awb-width-large:100%;--awb-spacing-right-large:2rem;--awb-margin-bottom-large:2rem;--awb-spacing-left-large:2rem;--awb-width-medium:100%;--awb-order-medium:0;--awb-spacing-right-medium:2rem;--awb-spacing-left-medium:2rem;--awb-width-small:100%;--awb-order-small:0;--awb-spacing-right-small:2rem;--awb-spacing-left-small:2rem;\"><div class=\"fusion-column-wrapper fusion-column-has-shadow fusion-flex-justify-content-flex-start fusion-content-layout-column\"><div class=\"fusion-title title fusion-title-8 fusion-sep-none fusion-title-text fusion-title-size-two\" style=\"--awb-font-size:var(--awb-typography2-font-size);\"><h2 class=\"fusion-title-heading title-heading-left fusion-responsive-typography-calculated\" style=\"font-family:var(--awb-typography1-font-family);font-weight:var(--awb-typography1-font-weight);font-style:var(--awb-typography1-font-style);font-size:1em;letter-spacing:var(--awb-typography1-letter-spacing);text-transform:var(--awb-typography1-text-transform);--fontSize:20.25;--minFontSize:20.25;line-height:var(--awb-typography1-line-height);\">Feedback<\/h2><\/div><div class=\"fusion-text fusion-text-7 fusion-text-no-margin\" style=\"--awb-font-size:var(--awb-typography4-font-size);--awb-line-height:var(--awb-typography4-line-height);--awb-letter-spacing:var(--awb-typography4-letter-spacing);--awb-text-transform:var(--awb-typography4-text-transform);--awb-text-font-family:var(--awb-typography4-font-family);--awb-text-font-weight:var(--awb-typography4-font-weight);--awb-text-font-style:var(--awb-typography4-font-style);\"><p>Wir freuen uns \u00fcber Ihre Anregungen und Ihr Feedback zur Barrierefreiheit. Wir stellen sicher, dass Ihre Korrekturen und Vorschl\u00e4ge so schnell wie m\u00f6glich umgesetzt werden. Bitte informieren Sie uns, wenn Sie auf Barrieren sto\u00dfen:<\/p>\n<ul>\n<li>Telefon: <a href=\"tel:0043463%20287878\">+43(0)463 287878<\/a><\/li>\n<li>E-Mail: <a href=\"mailto:office@fourtec.at\">office@fourtec.at<\/a><\/li>\n<\/ul>\n<\/div><\/div><\/div><div class=\"fusion-layout-column fusion_builder_column fusion-builder-column-8 fusion_builder_column_1_1 1_1 fusion-flex-column\" style=\"--awb-bg-size:cover;--awb-width-large:100%;--awb-spacing-right-large:2rem;--awb-spacing-left-large:2rem;--awb-width-medium:100%;--awb-order-medium:0;--awb-spacing-right-medium:2rem;--awb-spacing-left-medium:2rem;--awb-width-small:100%;--awb-order-small:0;--awb-spacing-right-small:2rem;--awb-spacing-left-small:2rem;\"><div class=\"fusion-column-wrapper fusion-column-has-shadow fusion-flex-justify-content-flex-start fusion-content-layout-column\"><div class=\"fusion-text fusion-text-8\"><p>Diese Erkl\u00e4rung wurde am 08\/27\/2025 erstellt<\/p>\n<\/div><\/div><\/div><\/div><\/div><\/p>\n","protected":false},"excerpt":{"rendered":"","protected":false},"author":5,"featured_media":0,"parent":0,"menu_order":0,"comment_status":"closed","ping_status":"closed","template":"100-width.php","meta":{"footnotes":""},"class_list":["post-357","page","type-page","status-publish","hentry"],"yoast_head":"<!-- This site is optimized with the Yoast SEO plugin v26.5 - https:\/\/yoast.com\/wordpress\/plugins\/seo\/ -->\n<title>Barrierefreiheitserkl\u00e4rung | Fourtec F\u00f6rdertechnik GmbH<\/title>\n<meta name=\"robots\" content=\"index, follow, max-snippet:-1, max-image-preview:large, max-video-preview:-1\" \/>\n<link rel=\"canonical\" href=\"https:\/\/kooperation.fourtec.at\/de\/barrierefreiheitserklarung\/\" \/>\n<meta property=\"og:locale\" content=\"de_DE\" \/>\n<meta property=\"og:type\" content=\"article\" \/>\n<meta property=\"og:title\" content=\"Barrierefreiheitserkl\u00e4rung | Fourtec F\u00f6rdertechnik GmbH\" \/>\n<meta property=\"og:url\" content=\"https:\/\/kooperation.fourtec.at\/de\/barrierefreiheitserklarung\/\" \/>\n<meta property=\"og:site_name\" content=\"Fourtec F\u00f6rdertechnik GmbH\" \/>\n<meta property=\"article:modified_time\" content=\"2025-08-27T10:37:32+00:00\" \/>\n<meta property=\"og:image\" content=\"https:\/\/kooperation.fourtec.at\/wp-content\/uploads\/2025\/07\/fourtec_CHW_JS10b.webp\" \/>\n\t<meta property=\"og:image:width\" content=\"1920\" \/>\n\t<meta property=\"og:image:height\" content=\"1280\" \/>\n\t<meta property=\"og:image:type\" content=\"image\/webp\" \/>\n<meta name=\"twitter:card\" content=\"summary_large_image\" \/>\n<meta name=\"twitter:label1\" content=\"Gesch\u00e4tzte Lesezeit\" \/>\n\t<meta name=\"twitter:data1\" content=\"2\u00a0Minuten\" \/>\n<script type=\"application\/ld+json\" class=\"yoast-schema-graph\">{\"@context\":\"https:\/\/schema.org\",\"@graph\":[{\"@type\":\"WebPage\",\"@id\":\"https:\/\/kooperation.fourtec.at\/de\/barrierefreiheitserklarung\/\",\"url\":\"https:\/\/kooperation.fourtec.at\/de\/barrierefreiheitserklarung\/\",\"name\":\"Barrierefreiheitserkl\u00e4rung | Fourtec F\u00f6rdertechnik GmbH\",\"isPartOf\":{\"@id\":\"https:\/\/kooperation.fourtec.at\/de\/#website\"},\"datePublished\":\"2025-03-04T14:31:40+00:00\",\"dateModified\":\"2025-08-27T10:37:32+00:00\",\"breadcrumb\":{\"@id\":\"https:\/\/kooperation.fourtec.at\/de\/barrierefreiheitserklarung\/#breadcrumb\"},\"inLanguage\":\"de\",\"potentialAction\":[{\"@type\":\"ReadAction\",\"target\":[\"https:\/\/kooperation.fourtec.at\/de\/barrierefreiheitserklarung\/\"]}]},{\"@type\":\"BreadcrumbList\",\"@id\":\"https:\/\/kooperation.fourtec.at\/de\/barrierefreiheitserklarung\/#breadcrumb\",\"itemListElement\":[{\"@type\":\"ListItem\",\"position\":1,\"name\":\"Home\",\"item\":\"https:\/\/kooperation.fourtec.at\/de\/\"},{\"@type\":\"ListItem\",\"position\":2,\"name\":\"Barrierefreiheitserkl\u00e4rung\"}]},{\"@type\":\"WebSite\",\"@id\":\"https:\/\/kooperation.fourtec.at\/de\/#website\",\"url\":\"https:\/\/kooperation.fourtec.at\/de\/\",\"name\":\"Fourtec F\u00f6rdertechnik GmbH\",\"description\":\"\",\"potentialAction\":[{\"@type\":\"SearchAction\",\"target\":{\"@type\":\"EntryPoint\",\"urlTemplate\":\"https:\/\/kooperation.fourtec.at\/de\/?s={search_term_string}\"},\"query-input\":{\"@type\":\"PropertyValueSpecification\",\"valueRequired\":true,\"valueName\":\"search_term_string\"}}],\"inLanguage\":\"de\"}]}<\/script>\n<!-- \/ Yoast SEO plugin. -->","yoast_head_json":{"title":"Barrierefreiheitserkl\u00e4rung | Fourtec F\u00f6rdertechnik GmbH","robots":{"index":"index","follow":"follow","max-snippet":"max-snippet:-1","max-image-preview":"max-image-preview:large","max-video-preview":"max-video-preview:-1"},"canonical":"https:\/\/kooperation.fourtec.at\/de\/barrierefreiheitserklarung\/","og_locale":"de_DE","og_type":"article","og_title":"Barrierefreiheitserkl\u00e4rung | Fourtec F\u00f6rdertechnik GmbH","og_url":"https:\/\/kooperation.fourtec.at\/de\/barrierefreiheitserklarung\/","og_site_name":"Fourtec F\u00f6rdertechnik GmbH","article_modified_time":"2025-08-27T10:37:32+00:00","og_image":[{"width":1920,"height":1280,"url":"https:\/\/kooperation.fourtec.at\/wp-content\/uploads\/2025\/07\/fourtec_CHW_JS10b.webp","type":"image\/webp"}],"twitter_card":"summary_large_image","twitter_misc":{"Gesch\u00e4tzte Lesezeit":"2\u00a0Minuten"},"schema":{"@context":"https:\/\/schema.org","@graph":[{"@type":"WebPage","@id":"https:\/\/kooperation.fourtec.at\/de\/barrierefreiheitserklarung\/","url":"https:\/\/kooperation.fourtec.at\/de\/barrierefreiheitserklarung\/","name":"Barrierefreiheitserkl\u00e4rung | Fourtec F\u00f6rdertechnik GmbH","isPartOf":{"@id":"https:\/\/kooperation.fourtec.at\/de\/#website"},"datePublished":"2025-03-04T14:31:40+00:00","dateModified":"2025-08-27T10:37:32+00:00","breadcrumb":{"@id":"https:\/\/kooperation.fourtec.at\/de\/barrierefreiheitserklarung\/#breadcrumb"},"inLanguage":"de","potentialAction":[{"@type":"ReadAction","target":["https:\/\/kooperation.fourtec.at\/de\/barrierefreiheitserklarung\/"]}]},{"@type":"BreadcrumbList","@id":"https:\/\/kooperation.fourtec.at\/de\/barrierefreiheitserklarung\/#breadcrumb","itemListElement":[{"@type":"ListItem","position":1,"name":"Home","item":"https:\/\/kooperation.fourtec.at\/de\/"},{"@type":"ListItem","position":2,"name":"Barrierefreiheitserkl\u00e4rung"}]},{"@type":"WebSite","@id":"https:\/\/kooperation.fourtec.at\/de\/#website","url":"https:\/\/kooperation.fourtec.at\/de\/","name":"Fourtec F\u00f6rdertechnik GmbH","description":"","potentialAction":[{"@type":"SearchAction","target":{"@type":"EntryPoint","urlTemplate":"https:\/\/kooperation.fourtec.at\/de\/?s={search_term_string}"},"query-input":{"@type":"PropertyValueSpecification","valueRequired":true,"valueName":"search_term_string"}}],"inLanguage":"de"}]}},"_links":{"self":[{"href":"https:\/\/kooperation.fourtec.at\/de\/wp-json\/wp\/v2\/pages\/357","targetHints":{"allow":["GET"]}}],"collection":[{"href":"https:\/\/kooperation.fourtec.at\/de\/wp-json\/wp\/v2\/pages"}],"about":[{"href":"https:\/\/kooperation.fourtec.at\/de\/wp-json\/wp\/v2\/types\/page"}],"author":[{"embeddable":true,"href":"https:\/\/kooperation.fourtec.at\/de\/wp-json\/wp\/v2\/users\/5"}],"replies":[{"embeddable":true,"href":"https:\/\/kooperation.fourtec.at\/de\/wp-json\/wp\/v2\/comments?post=357"}],"version-history":[{"count":17,"href":"https:\/\/kooperation.fourtec.at\/de\/wp-json\/wp\/v2\/pages\/357\/revisions"}],"predecessor-version":[{"id":768,"href":"https:\/\/kooperation.fourtec.at\/de\/wp-json\/wp\/v2\/pages\/357\/revisions\/768"}],"wp:attachment":[{"href":"https:\/\/kooperation.fourtec.at\/de\/wp-json\/wp\/v2\/media?parent=357"}],"curies":[{"name":"wp","href":"https:\/\/api.w.org\/{rel}","templated":true}]}}